{"id":9,"date":"2022-08-03T14:14:57","date_gmt":"2022-08-03T12:14:57","guid":{"rendered":"http:\/\/localhost\/Moohueler.ch\/?page_id=9"},"modified":"2022-09-18T18:39:09","modified_gmt":"2022-09-18T18:39:09","slug":"impressum","status":"publish","type":"page","link":"https:\/\/moohueler.ch\/?page_id=9","title":{"rendered":"Impressum"},"content":{"rendered":"\n<\/br><\/br>\n\n\n\n<h3 class=\"wp-block-heading\">Kontaktadresse<\/h3>\n\n\n\n<p>G\u00e4\u00e4ser Mooh\u00fc\u00fcler<\/p>\n\n\n\n<p>Guggenmusik<\/p>\n\n\n\n<p>Stossstrasse 15<\/p>\n\n\n\n<p>9056 Gais (AR)<\/p>\n\n\n\n<\/br><\/br>\n\n\n\n<h3 class=\"wp-block-heading\">Konzept, Design und Umsetzung<\/h3>\n\n\n\n<p>Thomas Br\u00e4ndle<\/p>\n\n\n\n<p><a href=\"https:\/\/thomas-braendle.com\">https:\/\/thomas-braendle.com<\/a><\/p>\n\n\n\n<\/br><\/br>\n\n\n\n<h3 class=\"wp-block-heading\">Copyright<\/h3>\n\n\n\n<p>S\u00e4mtliche auf www.moohueler.ch verwendeten Inhalte d\u00fcrfen weder kopiert, noch anderweitig verwendet werden. Das Copyright liegt bei G\u00e4\u00e4ser Mooh\u00fc\u00fcler.<\/p>\n","protected":false},"excerpt":{"rendered":"<p>Kontaktadresse G\u00e4\u00e4ser Mooh\u00fc\u00fcler Guggenmusik Stossstrasse 15 9056 Gais (AR) Konzept, Design und Umsetzung Thomas Br\u00e4ndle https:\/\/thomas-braendle.com Copyright S\u00e4mtliche auf www.moohueler.ch verwendeten Inhalte d\u00fcrfen weder kopiert, noch anderweitig verwendet werden. Das Copyright liegt bei G\u00e4\u00e4ser Mooh\u00fc\u00fcler.<\/p>\n","protected":false},"author":2,"featured_media":0,"parent":0,"menu_order":0,"comment_status":"closed","ping_status":"closed","template":"","meta":{"footnotes":""},"class_list":["post-9","page","type-page","status-publish","hentry"],"_links":{"self":[{"href":"https:\/\/moohueler.ch\/index.php?rest_route=\/wp\/v2\/pages\/9","targetHints":{"allow":["GET"]}}],"collection":[{"href":"https:\/\/moohueler.ch\/index.php?rest_route=\/wp\/v2\/pages"}],"about":[{"href":"https:\/\/moohueler.ch\/index.php?rest_route=\/wp\/v2\/types\/page"}],"author":[{"embeddable":true,"href":"https:\/\/moohueler.ch\/index.php?rest_route=\/wp\/v2\/users\/2"}],"replies":[{"embeddable":true,"href":"https:\/\/moohueler.ch\/index.php?rest_route=%2Fwp%2Fv2%2Fcomments&post=9"}],"version-history":[{"count":2,"href":"https:\/\/moohueler.ch\/index.php?rest_route=\/wp\/v2\/pages\/9\/revisions"}],"predecessor-version":[{"id":199,"href":"https:\/\/moohueler.ch\/index.php?rest_route=\/wp\/v2\/pages\/9\/revisions\/199"}],"wp:attachment":[{"href":"https:\/\/moohueler.ch\/index.php?rest_route=%2Fwp%2Fv2%2Fmedia&parent=9"}],"curies":[{"name":"wp","href":"https:\/\/api.w.org\/{rel}","templated":true}]}}